
{"id":10,"date":"2015-05-10T14:05:15","date_gmt":"2015-05-10T14:05:15","guid":{"rendered":"http:\/\/friseur-franke.de\/?page_id=10"},"modified":"2026-01-04T12:22:56","modified_gmt":"2026-01-04T12:22:56","slug":"geschichte","status":"publish","type":"page","link":"https:\/\/friseur-franke.de\/?page_id=10","title":{"rendered":"Geschichte"},"content":{"rendered":"<style>\r\ntable#t2 {\r\n    border-collapse: collapse;\r\n\tborder-width: 0px;\r\n\tborder-style: outset;\r\n\tline-height: 2.0em;\r\n    text-align: left;\r\n    vertical-align: top;width: 100%;\r\n\t\r\n}\r\ntable#t2 thead tr {\r\n\r\n}\r\ntable#t2 thead tr th.t2 {\r\ncolor: #FFFFFF;\r\nbackground: #101010;\r\nbackground: -moz-linear-gradient(top,  #101010 0%, #101010 100%);\r\nbackground: -webkit-gradient(linear, left top, left bottom, color-stop(0%,#101010), color-stop(100%,#101010)); \r\nbackground: -webkit-linear-gradient(top,  #101010 0%,#101010 100%);\r\nbackground: -o-linear-gradient(top,  #101010 0%,#101010 100%);\r\nbackground: -ms-linear-gradient(top,  #101010 0%,#101010 100%);\r\nbackground: linear-gradient(to bottom,  #101010 0%,#101010 100%);\r\nfilter: progid:DXImageTransform.Microsoft.gradient( startColorstr=\"#101010\", endColorstr=\"#101010\",GradientType=0 );\r\nfont-size: 1.5em;\r\nletter-spacing: 0;\r\nline-height: 2.0;\r\npadding: 4px;\r\ntext-transform: none;\r\ntext-align: center;\r\n}\r\n\r\ntable#t2 thead tr th#t2.start {\r\n\r\n}\r\ntable#t2 thead tr th#t2.end {\r\n\r\n}\r\ntable#t2 tbody tr {\r\n    background: none repeat scroll 0 0 #101010;\r\n}\r\ntable#t2 tbody tr.table-alternate {\r\n    background: none repeat scroll 0 0 #101010;\r\n}\r\ntable#t2 tbody tr td {\r\n\tcolor: #FFFFFF;\r\n    padding: 5px;\r\n\tborder-width: 0px;\r\n\tline-height: 1.2;\r\n\tfont-size: 1.0em;\r\n\tborder-top: medium none;\r\n    text-align: left;\r\n\tvertical-align: middle;\r\n}\r\ntable#t2 tbody tr td#n1 {\r\n\twidth: 50%;\r\n\t}table#t2 tbody tr td#n2 {\r\n\twidth: 50%;\r\n\t}\r\ntable#t2 tbody tr:hover td {\r\n}\r\ntable#t2 tfoot tr {\r\n}\r\n\r\ntable#t2 tfoot tr td {\r\ncolor: #FFFFFF;\r\nbackground: #101010;\r\nbackground: -moz-linear-gradient(top,  #101010 0%, #101010 100%);\r\nbackground: -webkit-gradient(linear, left top, left bottom, color-stop(0%,#101010), color-stop(100%,#101010)); \r\nbackground: -webkit-linear-gradient(top,  #101010 0%,#101010 100%);\r\nbackground: -o-linear-gradient(top,  #101010 0%,#101010 100%);\r\nbackground: -ms-linear-gradient(top,  #101010 0%,#101010 100%);\r\nbackground: linear-gradient(to bottom,  #101010 0%,#101010 100%);\r\nfilter: progid:DXImageTransform.Microsoft.gradient( startColorstr=\"#101010\", endColorstr=\"#101010\",GradientType=0 );\r\npadding: 4px;\r\nborder-width: 0px;\r\nfont-size: 1.0em;\r\nborder-top: medium none;\r\ntext-align: center;\r\n}\r\n<\/style><table id=\"t2\">\r\n\t\t<thead>\r\n\t\t\t<tr><th scope=\"col\" class=\"t2\" id=\"n1\"><\/th><th scope=\"col\" class=\"t2\" id=\"n2\"><\/th><\/tr><\/thead>\r\n\t<tbody><tr class=\"table-alternate row1\"> <td id=\"n1\" class=\"start\">Die Firma Friseur Franke gibt es seit dem 04. Mai 1901. Der erste Friseurladen befand sich in K\u00f6tschlitz, im heutigen Wohnsitz der Fam. Liebig.<\/td><td id=\"n2\" ><img loading=\"lazy\" decoding=\"async\" class=\"aligncenter size-full wp-image-45\" src=\"http:\/\/friseur-franke.de\/wp-content\/uploads\/2015\/05\/altes-haus-kl.jpg\" alt=\"altes-haus\" width=\"400\" height=\"300\" \/><\/td><\/tr><tr class= \"table-noalt row2\"><td id=\"n1\" class=\"start\"><img loading=\"lazy\" decoding=\"async\" class=\"aligncenter size-full wp-image-45\" src=\"http:\/\/friseur-franke.de\/wp-content\/uploads\/2015\/05\/emil2.jpg\" alt=\"altes-haus\" width=\"300\" height=\"287\" \/><\/td><td id=\"n2\" >Firmengr\u00fcnder war Emil Franke, er f\u00fchrte das Unternehmen Emil Franke Barbier von 1901 bis 1953. <\/td><\/tr><tr class=\"table-alternate row3\"> <td id=\"n1\" class=\"start\"><img loading=\"lazy\" decoding=\"async\" class=\"aligncenter size-full wp-image-45\" src=\"http:\/\/friseur-franke.de\/wp-content\/uploads\/2015\/05\/emil3.jpg\" alt=\"altes-haus\" width=\"300\" height=\"287\" \/><\/td><td id=\"n2\" >In der Woche wurden die umliegenden D\u00f6rfer regelm\u00e4\u00dfig mit dem Fahrrad besucht, um nach dem Feierabend der ortsans\u00e4ssigen Bauern und Handwerkern die Haare zu schneiden und zu rasieren. So war der Friseurladen nur an Samstagen und auch Sonntags ge\u00f6ffnet. <\/td><\/tr><tr class= \"table-noalt row4\"><td id=\"n1\" class=\"start\">Mit seinem Sohn Waldemar Franke \u00fcbernahm er das Haus in der Merseburger Stra\u00dfe in G\u00fcnthersdorf, beide er\u00f6ffneten hier eine Filiale, welche stetig ausgebaut wurde.<\/td><td id=\"n2\" ><img loading=\"lazy\" decoding=\"async\" class=\"aligncenter size-full wp-image-45\" src=\"http:\/\/friseur-franke.de\/wp-content\/uploads\/2015\/05\/guenthersdorf.jpg\" alt=\"altes-haus\" width=\"400\" height=\"300\" \/><\/td><\/tr><tr class=\"table-alternate row5\"> <td id=\"n1\" class=\"start\"><img loading=\"lazy\" decoding=\"async\" class=\"aligncenter size-full wp-image-45\" src=\"http:\/\/friseur-franke.de\/wp-content\/uploads\/2015\/05\/waldemar2.jpg\" alt=\"altes-haus\" width=\"300\" height=\"386\" \/><\/td><td id=\"n2\" >1953 \u00fcbernahm Waldemar die Gesch\u00e4fte allein, der ehemals erste Friseurladen in K\u00f6tschlitz wurde geschlossen, man konzentrierte sich auf den G\u00fcnthersdorfer Laden. <br><br>\r\n1991 wurde der Salon wiederum an Sohn Siegfried Franke \u00fcbergeben, dieser f\u00fchrte das Unternehmen bis 1996 allein und sp\u00e4ter mit Sohn Steffen in Gesellschaft bis 2009.<\/td><\/tr><tr class= \"table-noalt row6\"><td id=\"n1\" class=\"start\">Der Standort wurde um eine Kosmetik und Fu\u00dfpflege erweitert. <br>\r\nEs gab zwischenzeitlich Filialen in K\u00f6tzschau (1996 - 2010) und D\u00f6lzig (2000 - 2013). <\/td><td id=\"n2\" ><img loading=\"lazy\" decoding=\"async\" class=\"aligncenter size-full wp-image-45\" src=\"http:\/\/friseur-franke.de\/wp-content\/uploads\/2015\/05\/siegfried.jpg\" alt=\"altes-haus\" width=\"300\" height=\"400\" \/><\/td><\/tr><tr class=\"table-alternate row7\"> <td id=\"n1\" class=\"start\"><\/td><td id=\"n2\" >Alle durchgef\u00fchrten Erweiterungen, Ausbauma\u00dfnahmen und Erweiterungen unseres Dienstleistungsangebotes beruhen traditionell nur auf einem Gedanken: \u201eAlles zum Wohle und zur Zufriedenheit unserer Kunden\u201c <\/td><\/tr><tr class= \"table-noalt row8\"><td id=\"n1\" class=\"start\"><\/td><td id=\"n2\" >Seit 2009 f\u00fchrt Steffen Franke das Familienunternehmen bis zum heutigen Tag.<\/td><\/tr><\/tbody><\/table>\n<p>&nbsp;<\/p>\n","protected":false},"excerpt":{"rendered":"<p>&nbsp;<\/p>\n","protected":false},"author":1,"featured_media":445,"parent":0,"menu_order":4,"comment_status":"closed","ping_status":"closed","template":"","meta":{"footnotes":""},"class_list":["post-10","page","type-page","status-publish","has-post-thumbnail","hentry"],"_links":{"self":[{"href":"https:\/\/friseur-franke.de\/index.php?rest_route=\/wp\/v2\/pages\/10","targetHints":{"allow":["GET"]}}],"collection":[{"href":"https:\/\/friseur-franke.de\/index.php?rest_route=\/wp\/v2\/pages"}],"about":[{"href":"https:\/\/friseur-franke.de\/index.php?rest_route=\/wp\/v2\/types\/page"}],"author":[{"embeddable":true,"href":"https:\/\/friseur-franke.de\/index.php?rest_route=\/wp\/v2\/users\/1"}],"replies":[{"embeddable":true,"href":"https:\/\/friseur-franke.de\/index.php?rest_route=%2Fwp%2Fv2%2Fcomments&post=10"}],"version-history":[{"count":4,"href":"https:\/\/friseur-franke.de\/index.php?rest_route=\/wp\/v2\/pages\/10\/revisions"}],"predecessor-version":[{"id":55,"href":"https:\/\/friseur-franke.de\/index.php?rest_route=\/wp\/v2\/pages\/10\/revisions\/55"}],"wp:featuredmedia":[{"embeddable":true,"href":"https:\/\/friseur-franke.de\/index.php?rest_route=\/wp\/v2\/media\/445"}],"wp:attachment":[{"href":"https:\/\/friseur-franke.de\/index.php?rest_route=%2Fwp%2Fv2%2Fmedia&parent=10"}],"curies":[{"name":"wp","href":"https:\/\/api.w.org\/{rel}","templated":true}]}}